{"id":931,"date":"2018-04-16T14:15:52","date_gmt":"2018-04-16T14:15:52","guid":{"rendered":"https:\/\/medequip.ca\/?page_id=931"},"modified":"2018-04-17T11:16:35","modified_gmt":"2018-04-17T11:16:35","slug":"location","status":"publish","type":"page","link":"https:\/\/medequip.ca\/fr\/services\/location\/","title":{"rendered":"Location"},"content":{"rendered":"<div id=\"cs-content\" class=\"cs-content\"><div class=\"x-section e931-1 mpv-0 mpv-1\"><div class=\"x-container max width marginless-columns e931-2 mpv-5 mpv-6\"><div class=\"x-column x-sm x-1-1 e931-3 mpv-8 mpv-9\"><div class=\"x-text x-text-headline e931-4 mpv-f mpv-g\"><div class=\"x-text-content\"><div class=\"x-text-content-text\"><h1 class=\"x-text-content-text-primary\">Location<\/h1><\/div><\/div><\/div><\/div><\/div><\/div><div class=\"x-section e931-10 mpv-0 mpv-2 mpv-3\"><div class=\"x-bg\" aria-hidden=\"true\"><div class=\"x-bg-layer-lower-image\" data-x-element-bg-layer=\"{&quot;parallaxSize&quot;:&quot;150%&quot;,&quot;parallaxDir&quot;:&quot;v&quot;,&quot;parallaxRev&quot;:false}\"><\/div><\/div><div class=\"x-container marginless-columns e931-11 mpv-5 mpv-7\"><div class=\"x-column x-sm x-1-1 e931-12 mpv-8 mpv-9\"><span class=\"x-image e931-13 mpv-i\"><img decoding=\"async\" src=\"http:\/\/1n5.76c.myftpupload.com\/wp-content\/uploads\/2018\/03\/medequip_rentals.jpg\" width=\"1920\" height=\"650\" alt=\"Image\" loading=\"lazy\"><\/span><\/div><\/div><\/div><div class=\"x-section e931-19 mpv-0 mpv-2 mpv-4\"><div class=\"x-container max width marginless-columns e931-20 mpv-5 mpv-7\"><div class=\"x-column x-sm x-1-1 e931-21 mpv-8 mpv-a mpv-b\"><hr class=\"x-line e931-22 mpv-j\"><\/hr><div class=\"x-text e931-23 mpv-k\"><p>Que vous cherchiez \u00e0 louer en raison d'un probl\u00e8me physique \u00e0 court terme ou d'un probl\u00e8me de budget, nous avons des forfaits de location hebdomadaires et mensuels qui sauront r\u00e9pondre \u00e0 vos besoins.<\/p><ul><li>Chaise roulante\n<li>Chaise de transport<\/li>\n<li>Marchette en aluminium<\/li>\n<li>D\u00e9ambulateur<\/li>\n<li>D\u00e9ambulateur \u00e0 genou<\/li>\n<li>B\u00e9quilles<\/li>\n<li>Lit \u00e9lectrique<\/li>\n<li>Appui pour acc\u00e8s au lit<\/li>\n<li>MAPA (moniteur ambulatoire de pression art\u00e9rielle)<\/li>\n<li>Pompe d\u2019allaitement Medela<\/li>\n<li>Coussin de pr\u00e9vention de plaies de lit\n<\/li><\/ul><\/div><\/div><\/div><\/div><\/div>\n","protected":false},"excerpt":{"rendered":"<p>LocationQue vous cherchiez \u00e0 louer en raison d&rsquo;un probl\u00e8me physique \u00e0 court terme ou d&rsquo;un probl\u00e8me de budget, nous avons des forfaits de location hebdomadaires et mensuels qui sauront r\u00e9pondre \u00e0 vos besoins.Chaise roulante Chaise de transport Marchette en aluminium D\u00e9ambulateur D\u00e9ambulateur \u00e0 genou B\u00e9quilles Lit \u00e9lectrique Appui pour acc\u00e8s au lit MAPA (moniteur ambulatoire de pression art\u00e9rielle) Pompe d\u2019allaitement &#8230; <a href=\"https:\/\/medequip.ca\/fr\/services\/location\/\" class=\"more-link\">Read More<\/a><\/p>\n","protected":false},"author":2,"featured_media":0,"parent":929,"menu_order":0,"comment_status":"closed","ping_status":"closed","template":"template-blank-4.php","meta":{"footnotes":""},"class_list":["post-931","page","type-page","status-publish","hentry","no-post-thumbnail"],"_links":{"self":[{"href":"https:\/\/medequip.ca\/fr\/wp-json\/wp\/v2\/pages\/931","targetHints":{"allow":["GET"]}}],"collection":[{"href":"https:\/\/medequip.ca\/fr\/wp-json\/wp\/v2\/pages"}],"about":[{"href":"https:\/\/medequip.ca\/fr\/wp-json\/wp\/v2\/types\/page"}],"author":[{"embeddable":true,"href":"https:\/\/medequip.ca\/fr\/wp-json\/wp\/v2\/users\/2"}],"replies":[{"embeddable":true,"href":"https:\/\/medequip.ca\/fr\/wp-json\/wp\/v2\/comments?post=931"}],"version-history":[{"count":3,"href":"https:\/\/medequip.ca\/fr\/wp-json\/wp\/v2\/pages\/931\/revisions"}],"predecessor-version":[{"id":966,"href":"https:\/\/medequip.ca\/fr\/wp-json\/wp\/v2\/pages\/931\/revisions\/966"}],"up":[{"embeddable":true,"href":"https:\/\/medequip.ca\/fr\/wp-json\/wp\/v2\/pages\/929"}],"wp:attachment":[{"href":"https:\/\/medequip.ca\/fr\/wp-json\/wp\/v2\/media?parent=931"}],"curies":[{"name":"wp","href":"https:\/\/api.w.org\/{rel}","templated":true}]}}