{"id":933,"date":"2018-04-16T14:16:07","date_gmt":"2018-04-16T14:16:07","guid":{"rendered":"https:\/\/medequip.ca\/?page_id=933"},"modified":"2018-04-17T11:16:19","modified_gmt":"2018-04-17T11:16:19","slug":"reparations","status":"publish","type":"page","link":"https:\/\/medequip.ca\/fr\/services\/reparations\/","title":{"rendered":"R\u00e9parations"},"content":{"rendered":"<div id=\"cs-content\" class=\"cs-content\"><div class=\"x-section e933-1 mpx-0 mpx-1\"><div class=\"x-container max width marginless-columns e933-2 mpx-5 mpx-6\"><div class=\"x-column x-sm x-1-1 e933-3 mpx-8 mpx-9\"><div class=\"x-text x-text-headline e933-4 mpx-f mpx-g\"><div class=\"x-text-content\"><div class=\"x-text-content-text\"><h1 class=\"x-text-content-text-primary\">R\u00e9parations<\/h1><\/div><\/div><\/div><\/div><\/div><\/div><div class=\"x-section e933-10 mpx-0 mpx-2 mpx-3\"><div class=\"x-container marginless-columns e933-11 mpx-5 mpx-7\"><div class=\"x-column x-sm x-1-1 e933-12 mpx-8 mpx-9 mpx-a\"><span class=\"x-image e933-13 mpx-i\"><img decoding=\"async\" src=\"http:\/\/1n5.76c.myftpupload.com\/wp-content\/uploads\/2018\/03\/REPAIRS.jpg\" width=\"1920\" height=\"650\" alt=\"Image\" loading=\"lazy\"><\/span><\/div><\/div><\/div><div class=\"x-section e933-25 mpx-0 mpx-2 mpx-4\"><div class=\"x-container max width marginless-columns e933-26 mpx-5 mpx-7\"><div class=\"x-column x-sm x-1-1 e933-27 mpx-8 mpx-a mpx-b\"><div class=\"x-text e933-28 mpx-j\"><p>Notre d\u00e9partement de service \u00e0 la client\u00e8le est l\u00e0 quand vous en avez besoin pour vous aider avec des probl\u00e8mes techniques ou de r\u00e9paration. Nous sommes fiers de garder tous les appareils de mobilit\u00e9 de nos clients en parfait \u00e9tat de fonctionnement. Nous pouvons m\u00eame vous fournir du mat\u00e9riel de remplacement au cas o\u00f9 nous aurions besoin d'un peu plus de temps pour travailler sur votre \u00e9quipement.<\/p>\n\n<p>SERVICE DE R\u00c9PARATION:<\/p>\n<li>Optimisation et r\u00e9parations pour les fauteuils roulants manuels<\/li>\n<li>Toutes les installations (barre d'appui, accessoires de salle de bain, etc.)<\/li>\n<li>Pr\u00eat d'\u00e9quipement de mobilit\u00e9 pendant le temps de r\u00e9paration si n\u00e9cessaire<\/li>\n<li>Mise au point et r\u00e9parations pour les scooters et les fauteuils \u00e9lectriques<\/li><\/div><hr class=\"x-line e933-29 mpx-k\"><\/hr><\/div><\/div><\/div><\/div>\n","protected":false},"excerpt":{"rendered":"<p>R\u00e9parationsNotre d\u00e9partement de service \u00e0 la client\u00e8le est l\u00e0 quand vous en avez besoin pour vous aider avec des probl\u00e8mes techniques ou de r\u00e9paration. Nous sommes fiers de garder tous les appareils de mobilit\u00e9 de nos clients en parfait \u00e9tat de fonctionnement. Nous pouvons m\u00eame vous fournir du mat\u00e9riel de remplacement au cas o\u00f9 nous aurions besoin d&rsquo;un peu plus &#8230; <a href=\"https:\/\/medequip.ca\/fr\/services\/reparations\/\" class=\"more-link\">Read More<\/a><\/p>\n","protected":false},"author":2,"featured_media":0,"parent":929,"menu_order":0,"comment_status":"closed","ping_status":"closed","template":"template-blank-4.php","meta":{"footnotes":""},"class_list":["post-933","page","type-page","status-publish","hentry","no-post-thumbnail"],"_links":{"self":[{"href":"https:\/\/medequip.ca\/fr\/wp-json\/wp\/v2\/pages\/933","targetHints":{"allow":["GET"]}}],"collection":[{"href":"https:\/\/medequip.ca\/fr\/wp-json\/wp\/v2\/pages"}],"about":[{"href":"https:\/\/medequip.ca\/fr\/wp-json\/wp\/v2\/types\/page"}],"author":[{"embeddable":true,"href":"https:\/\/medequip.ca\/fr\/wp-json\/wp\/v2\/users\/2"}],"replies":[{"embeddable":true,"href":"https:\/\/medequip.ca\/fr\/wp-json\/wp\/v2\/comments?post=933"}],"version-history":[{"count":3,"href":"https:\/\/medequip.ca\/fr\/wp-json\/wp\/v2\/pages\/933\/revisions"}],"predecessor-version":[{"id":965,"href":"https:\/\/medequip.ca\/fr\/wp-json\/wp\/v2\/pages\/933\/revisions\/965"}],"up":[{"embeddable":true,"href":"https:\/\/medequip.ca\/fr\/wp-json\/wp\/v2\/pages\/929"}],"wp:attachment":[{"href":"https:\/\/medequip.ca\/fr\/wp-json\/wp\/v2\/media?parent=933"}],"curies":[{"name":"wp","href":"https:\/\/api.w.org\/{rel}","templated":true}]}}