{"id":937,"date":"2018-04-16T20:39:48","date_gmt":"2018-04-16T20:39:48","guid":{"rendered":"https:\/\/medequip.ca\/?page_id=937"},"modified":"2019-12-12T01:54:11","modified_gmt":"2019-12-12T01:54:11","slug":"a-propos-de-nous","status":"publish","type":"page","link":"https:\/\/medequip.ca\/fr\/a-propos-de-nous\/","title":{"rendered":"\u00c0 PROPOS DE NOUS"},"content":{"rendered":"<div id=\"cs-content\" class=\"cs-content\"><div class=\"x-section e937-1 mq1-0 mq1-1\"><div class=\"x-container max width marginless-columns e937-2 mq1-3 mq1-4\"><div class=\"x-column x-sm x-1-1 e937-3 mq1-6 mq1-7\"><div class=\"x-text x-text-headline e937-4 mq1-d mq1-e mq1-f mq1-g\"><div class=\"x-text-content\"><div class=\"x-text-content-text\"><h1 class=\"x-text-content-text-primary\">\u00c0 PROPOS DE NOUS<\/h1><\/div><\/div><\/div><\/div><\/div><\/div><div class=\"x-section e937-10 mq1-0 mq1-2\"><div class=\"x-container max width marginless-columns e937-11 mq1-3 mq1-5\"><div class=\"x-column x-sm x-1-1 e937-12 mq1-6 mq1-8 mq1-9\"><div class=\"x-text x-text-headline e937-13 mq1-d mq1-f mq1-h mq1-i\"><div class=\"x-text-content\"><div class=\"x-text-content-text\"><h1 class=\"x-text-content-text-primary\">Notre Histoire<\/h1><\/div><\/div><\/div><hr class=\"x-line e937-14 mq1-k\"><\/hr><div class=\"x-text e937-15 mq1-l\"><p><img loading=\"lazy\" decoding=\"async\" src=\"http:\/\/1n5.76c.myftpupload.com\/wp-content\/uploads\/2017\/12\/aboutus_walkingbrace.jpg\" alt=\"\" class=\"alignleft size-full wp-image-156\" width=\"516\" height=\"381\" srcset=\"https:\/\/medequip.ca\/wp-content\/uploads\/2017\/12\/aboutus_walkingbrace.jpg 516w, https:\/\/medequip.ca\/wp-content\/uploads\/2017\/12\/aboutus_walkingbrace-300x222.jpg 300w, https:\/\/medequip.ca\/wp-content\/uploads\/2017\/12\/aboutus_walkingbrace-100x74.jpg 100w\" sizes=\"auto, (max-width: 516px) 100vw, 516px\" \/><\/p><p class=\"xmsonormal\"><span lang=\"FR\">Medequip a \u00e9t\u00e9 cr\u00e9\u00e9 en 1975 et est bas\u00e9 sur des fondements d\u2019expertise professionnelle, de confiance et de service personnalis\u00e9. Medequip r\u00e9pond \u00e0 vos besoins en mati\u00e8re de soins de sant\u00e9 depuis plus de 40 ans.<o:p><\/o:p><\/span><\/p><p class=\"xmsonormal\"><span lang=\"FR\">Notre objectif principal est d'offrir \u00e0 nos clients une vaste s\u00e9lection de produits innovants et sp\u00e9cialis\u00e9s de soins de sant\u00e9 \u00e0 domicile\u00a0: orthop\u00e9die, s\u00e9curit\u00e9 des salles de bain, soins des pieds, fauteuils roulants, mobilit\u00e9, bas de contention et bien plus encore. Nous vous proposons \u00e9galement une large gamme de produits pour les soins de la peau et des plaies, produits de stomie, d'urologie et d'incontinence.<o:p><\/o:p><\/span><\/p><p class=\"xmsonormal\"><span lang=\"FR\">Medequip prend le temps de bien comprendre et d'accommoder nos clients avec la meilleure solution. Nous croyons que notre premi\u00e8re responsabilit\u00e9 est envers nos clients et nous estimons que l'\u00e9tablissement d'une relation avec eux est aussi important que les produits que nous vendons. Nos professionnels exp\u00e9riment\u00e9s hautement qualifi\u00e9s sont fiers de donner enti\u00e8re satisfaction \u00e0 nos clients pour leur permettre d\u2019atteindre une plus grande autonomie et ainsi, une meilleure qualit\u00e9 de vie pour rester actif et ind\u00e9pendant. Nous sommes d\u00e9vou\u00e9s \u00e0 fournir \u00e0 nos clients une solution qui leur convient, que ce soit pour aider \u00e0 trouver des produits \u00e0 partir d'aides \u00e0 la vie quotidienne ou d'\u00e9quipements de mobilit\u00e9.<o:p><\/o:p><\/span><\/p><p class=\"xmsonormal\"><span lang=\"FR\">Nous offrons des prix comp\u00e9titifs et nous nous effor\u00e7ons de r\u00e9duire nos co\u00fbts pour maintenir des prix raisonnables, ainsi que de bons conseils pour aider \u00e0 trouver des solutions aux besoins quotidiens.<o:p><\/o:p><\/span><\/p><p class=\"xmsonormal\"><span lang=\"FR\">Chez Medequip, notre mission est d'enrichir votre sant\u00e9 et votre bien-\u00eatre. Comme nos modes de vie et nos besoins quotidiens ont \u00e9volu\u00e9 au fil des d\u00e9cennies, nos produits ont \u00e9volu\u00e9. D\u00e9couvrez le service et la satisfaction que nos clients m\u00e9ritent et auxquels ils s'attendent. Visitez notre section de produits pour une approche plus sp\u00e9cifique dans le choix de ce qui vous convient le mieux.<o:p><\/o:p><\/span><\/p><p class=\"xmsonormal\"><span lang=\"FR\">N'h\u00e9sitez pas \u00e0 nous contacter,<strong> NOUS SOMMES ICI POUR VOUS!<\/strong><o:p><\/o:p><\/span><\/p><\/div><\/div><\/div><\/div><\/div>\n","protected":false},"excerpt":{"rendered":"<p>\u00c0 PROPOS DE NOUSNotre HistoireMedequip a \u00e9t\u00e9 cr\u00e9\u00e9 en 1975 et est bas\u00e9 sur des fondements d\u2019expertise professionnelle, de confiance et de service personnalis\u00e9. Medequip r\u00e9pond \u00e0 vos besoins en mati\u00e8re de soins de sant\u00e9 depuis plus de 40 ans.Notre objectif principal est d&rsquo;offrir \u00e0 nos clients une vaste s\u00e9lection de produits innovants et sp\u00e9cialis\u00e9s de soins de sant\u00e9 \u00e0 &#8230; <a href=\"https:\/\/medequip.ca\/fr\/a-propos-de-nous\/\" class=\"more-link\">Read More<\/a><\/p>\n","protected":false},"author":1,"featured_media":0,"parent":0,"menu_order":0,"comment_status":"closed","ping_status":"closed","template":"template-blank-4.php","meta":{"footnotes":""},"class_list":["post-937","page","type-page","status-publish","hentry","no-post-thumbnail"],"_links":{"self":[{"href":"https:\/\/medequip.ca\/fr\/wp-json\/wp\/v2\/pages\/937","targetHints":{"allow":["GET"]}}],"collection":[{"href":"https:\/\/medequip.ca\/fr\/wp-json\/wp\/v2\/pages"}],"about":[{"href":"https:\/\/medequip.ca\/fr\/wp-json\/wp\/v2\/types\/page"}],"author":[{"embeddable":true,"href":"https:\/\/medequip.ca\/fr\/wp-json\/wp\/v2\/users\/1"}],"replies":[{"embeddable":true,"href":"https:\/\/medequip.ca\/fr\/wp-json\/wp\/v2\/comments?post=937"}],"version-history":[{"count":1,"href":"https:\/\/medequip.ca\/fr\/wp-json\/wp\/v2\/pages\/937\/revisions"}],"predecessor-version":[{"id":938,"href":"https:\/\/medequip.ca\/fr\/wp-json\/wp\/v2\/pages\/937\/revisions\/938"}],"wp:attachment":[{"href":"https:\/\/medequip.ca\/fr\/wp-json\/wp\/v2\/media?parent=937"}],"curies":[{"name":"wp","href":"https:\/\/api.w.org\/{rel}","templated":true}]}}