{"id":1029,"date":"2018-03-29T19:38:21","date_gmt":"2018-03-29T19:38:21","guid":{"rendered":"https:\/\/medequip.ca\/shop\/non class\u00e9\/lit-dhopital-electrique-a-3-positions\/"},"modified":"2018-03-29T19:38:21","modified_gmt":"2018-03-29T19:38:21","slug":"lit-dhopital-electrique-a-3-positions","status":"publish","type":"product","link":"https:\/\/medequip.ca\/fr\/shop\/chambre-du-patient\/lit-dhopital-electrique-a-3-positions\/","title":{"rendered":"Lit d\u2019h\u00f4pital \u00e9lectrique \u00e0 3 positions"},"content":{"rendered":"","protected":false},"excerpt":{"rendered":"","protected":false},"featured_media":724,"template":"","meta":[],"product_cat":[133],"product_tag":[],"class_list":["post-1029","product","type-product","status-publish","has-post-thumbnail","hentry","product_cat-chambre-du-patient"],"_links":{"self":[{"href":"https:\/\/medequip.ca\/fr\/wp-json\/wp\/v2\/product\/1029","targetHints":{"allow":["GET"]}}],"collection":[{"href":"https:\/\/medequip.ca\/fr\/wp-json\/wp\/v2\/product"}],"about":[{"href":"https:\/\/medequip.ca\/fr\/wp-json\/wp\/v2\/types\/product"}],"wp:featuredmedia":[{"embeddable":true,"href":"https:\/\/medequip.ca\/fr\/wp-json\/wp\/v2\/media\/724"}],"wp:attachment":[{"href":"https:\/\/medequip.ca\/fr\/wp-json\/wp\/v2\/media?parent=1029"}],"wp:term":[{"taxonomy":"product_cat","embeddable":true,"href":"https:\/\/medequip.ca\/fr\/wp-json\/wp\/v2\/product_cat?post=1029"},{"taxonomy":"product_tag","embeddable":true,"href":"https:\/\/medequip.ca\/fr\/wp-json\/wp\/v2\/product_tag?post=1029"}],"curies":[{"name":"wp","href":"https:\/\/api.w.org\/{rel}","templated":true}]}}