{"id":977,"date":"2018-03-29T19:09:48","date_gmt":"2018-03-29T19:09:48","guid":{"rendered":"https:\/\/medequip.ca\/shop\/non class\u00e9\/sieges-de-toilettes-sureleves\/"},"modified":"2018-03-29T19:09:48","modified_gmt":"2018-03-29T19:09:48","slug":"sieges-de-toilettes-sureleves","status":"publish","type":"product","link":"https:\/\/medequip.ca\/fr\/shop\/securite-de-la-salle-de-bain\/sieges-de-toilettes-sureleves\/","title":{"rendered":"Si\u00e8ges de toilettes sur\u00e9lev\u00e9s"},"content":{"rendered":"","protected":false},"excerpt":{"rendered":"","protected":false},"featured_media":656,"template":"","meta":[],"product_cat":[125],"product_tag":[],"class_list":["post-977","product","type-product","status-publish","has-post-thumbnail","hentry","product_cat-securite-de-la-salle-de-bain"],"_links":{"self":[{"href":"https:\/\/medequip.ca\/fr\/wp-json\/wp\/v2\/product\/977","targetHints":{"allow":["GET"]}}],"collection":[{"href":"https:\/\/medequip.ca\/fr\/wp-json\/wp\/v2\/product"}],"about":[{"href":"https:\/\/medequip.ca\/fr\/wp-json\/wp\/v2\/types\/product"}],"wp:featuredmedia":[{"embeddable":true,"href":"https:\/\/medequip.ca\/fr\/wp-json\/wp\/v2\/media\/656"}],"wp:attachment":[{"href":"https:\/\/medequip.ca\/fr\/wp-json\/wp\/v2\/media?parent=977"}],"wp:term":[{"taxonomy":"product_cat","embeddable":true,"href":"https:\/\/medequip.ca\/fr\/wp-json\/wp\/v2\/product_cat?post=977"},{"taxonomy":"product_tag","embeddable":true,"href":"https:\/\/medequip.ca\/fr\/wp-json\/wp\/v2\/product_tag?post=977"}],"curies":[{"name":"wp","href":"https:\/\/api.w.org\/{rel}","templated":true}]}}