{"id":980,"date":"2018-03-29T19:10:56","date_gmt":"2018-03-29T19:10:56","guid":{"rendered":"https:\/\/medequip.ca\/shop\/non class\u00e9\/douche-telephone-avec-valve-de-derivation\/"},"modified":"2018-03-29T19:10:56","modified_gmt":"2018-03-29T19:10:56","slug":"douche-telephone-avec-valve-de-derivation","status":"publish","type":"product","link":"https:\/\/medequip.ca\/fr\/shop\/securite-de-la-salle-de-bain\/douche-telephone-avec-valve-de-derivation\/","title":{"rendered":"Douche t\u00e9l\u00e9phone avec valve de d\u00e9rivation"},"content":{"rendered":"","protected":false},"excerpt":{"rendered":"","protected":false},"featured_media":659,"template":"","meta":[],"product_cat":[125],"product_tag":[],"class_list":["post-980","product","type-product","status-publish","has-post-thumbnail","hentry","product_cat-securite-de-la-salle-de-bain"],"_links":{"self":[{"href":"https:\/\/medequip.ca\/fr\/wp-json\/wp\/v2\/product\/980","targetHints":{"allow":["GET"]}}],"collection":[{"href":"https:\/\/medequip.ca\/fr\/wp-json\/wp\/v2\/product"}],"about":[{"href":"https:\/\/medequip.ca\/fr\/wp-json\/wp\/v2\/types\/product"}],"wp:featuredmedia":[{"embeddable":true,"href":"https:\/\/medequip.ca\/fr\/wp-json\/wp\/v2\/media\/659"}],"wp:attachment":[{"href":"https:\/\/medequip.ca\/fr\/wp-json\/wp\/v2\/media?parent=980"}],"wp:term":[{"taxonomy":"product_cat","embeddable":true,"href":"https:\/\/medequip.ca\/fr\/wp-json\/wp\/v2\/product_cat?post=980"},{"taxonomy":"product_tag","embeddable":true,"href":"https:\/\/medequip.ca\/fr\/wp-json\/wp\/v2\/product_tag?post=980"}],"curies":[{"name":"wp","href":"https:\/\/api.w.org\/{rel}","templated":true}]}}