{"id":985,"date":"2018-03-29T19:12:55","date_gmt":"2018-03-29T19:12:55","guid":{"rendered":"https:\/\/medequip.ca\/shop\/non class\u00e9\/siege-de-transfert-combine-a-un-siege-daisance\/"},"modified":"2018-03-29T19:12:55","modified_gmt":"2018-03-29T19:12:55","slug":"siege-de-transfert-combine-a-un-siege-daisance","status":"publish","type":"product","link":"https:\/\/medequip.ca\/fr\/shop\/securite-de-la-salle-de-bain\/siege-de-transfert-combine-a-un-siege-daisance\/","title":{"rendered":"Si\u00e8ge de transfert combin\u00e9 \u00e0 un si\u00e8ge d\u2019aisance"},"content":{"rendered":"","protected":false},"excerpt":{"rendered":"","protected":false},"featured_media":664,"template":"","meta":[],"product_cat":[125],"product_tag":[],"class_list":["post-985","product","type-product","status-publish","has-post-thumbnail","hentry","product_cat-securite-de-la-salle-de-bain"],"_links":{"self":[{"href":"https:\/\/medequip.ca\/fr\/wp-json\/wp\/v2\/product\/985","targetHints":{"allow":["GET"]}}],"collection":[{"href":"https:\/\/medequip.ca\/fr\/wp-json\/wp\/v2\/product"}],"about":[{"href":"https:\/\/medequip.ca\/fr\/wp-json\/wp\/v2\/types\/product"}],"wp:featuredmedia":[{"embeddable":true,"href":"https:\/\/medequip.ca\/fr\/wp-json\/wp\/v2\/media\/664"}],"wp:attachment":[{"href":"https:\/\/medequip.ca\/fr\/wp-json\/wp\/v2\/media?parent=985"}],"wp:term":[{"taxonomy":"product_cat","embeddable":true,"href":"https:\/\/medequip.ca\/fr\/wp-json\/wp\/v2\/product_cat?post=985"},{"taxonomy":"product_tag","embeddable":true,"href":"https:\/\/medequip.ca\/fr\/wp-json\/wp\/v2\/product_tag?post=985"}],"curies":[{"name":"wp","href":"https:\/\/api.w.org\/{rel}","templated":true}]}}