{"id":989,"date":"2018-03-29T19:14:57","date_gmt":"2018-03-29T19:14:57","guid":{"rendered":"https:\/\/medequip.ca\/shop\/non class\u00e9\/siege-de-transfert-combine-a-un-siege-daisance-2\/"},"modified":"2018-03-29T19:14:57","modified_gmt":"2018-03-29T19:14:57","slug":"siege-de-transfert-combine-a-un-siege-daisance-2","status":"publish","type":"product","link":"https:\/\/medequip.ca\/fr\/shop\/commodes-fr\/siege-de-transfert-combine-a-un-siege-daisance-2\/","title":{"rendered":"Si\u00e8ge de transfert combin\u00e9 \u00e0 un si\u00e8ge d\u2019aisance"},"content":{"rendered":"","protected":false},"excerpt":{"rendered":"","protected":false},"featured_media":668,"template":"","meta":[],"product_cat":[126],"product_tag":[],"class_list":["post-989","product","type-product","status-publish","has-post-thumbnail","hentry","product_cat-commodes-fr"],"_links":{"self":[{"href":"https:\/\/medequip.ca\/fr\/wp-json\/wp\/v2\/product\/989","targetHints":{"allow":["GET"]}}],"collection":[{"href":"https:\/\/medequip.ca\/fr\/wp-json\/wp\/v2\/product"}],"about":[{"href":"https:\/\/medequip.ca\/fr\/wp-json\/wp\/v2\/types\/product"}],"wp:featuredmedia":[{"embeddable":true,"href":"https:\/\/medequip.ca\/fr\/wp-json\/wp\/v2\/media\/668"}],"wp:attachment":[{"href":"https:\/\/medequip.ca\/fr\/wp-json\/wp\/v2\/media?parent=989"}],"wp:term":[{"taxonomy":"product_cat","embeddable":true,"href":"https:\/\/medequip.ca\/fr\/wp-json\/wp\/v2\/product_cat?post=989"},{"taxonomy":"product_tag","embeddable":true,"href":"https:\/\/medequip.ca\/fr\/wp-json\/wp\/v2\/product_tag?post=989"}],"curies":[{"name":"wp","href":"https:\/\/api.w.org\/{rel}","templated":true}]}}